{"id":10,"date":"2020-03-17T17:11:05","date_gmt":"2020-03-17T17:11:05","guid":{"rendered":"http:\/\/naschbarshop.de\/?page_id=10"},"modified":"2024-08-10T07:46:51","modified_gmt":"2024-08-10T07:46:51","slug":"die-naschbar","status":"publish","type":"page","link":"http:\/\/naschbarshop.de\/?page_id=10","title":{"rendered":"Die Naschbar"},"content":{"rendered":"\n<p>Entspannen,\n genie\u00dfen, verw\u00f6hnen, schenken, in der Naschbar finden Sie alles was das\n Herz begehrt. Ein Laden, mit Liebe eingerichtet, der W\u00e4rme vermittelt \nund in dem man sich wohlf\u00fchlt. Der einen bezaubert mit seinem ganz \neigenen Charme.<\/p>\n\n\n\n<p>In dem \nliebevoll dekoriertem Raum ist gen\u00fcgend Platz um die von uns angebotenen\n Waren mit allen Sinnen zu erfahren. Da sehr viele Produkte offen \nverkauft werden, besteht f\u00fcr Sie die M\u00f6glichkeit , das Ausgesuchte zu \nKosten und die Menge selbst zu Bestimmen.<\/p>\n\n\n\n<p>Bei\n uns ist f\u00fcr jeden Geschmack etwas dabei. Erlesene Pralinen,  \nhandgesch\u00f6pfte Schokoladen, Fruchtgummi, schokolierte Fr\u00fcchte,&nbsp;  \nFeinkost, offener Tee, individuelle Geschenkartikel und vieles mehr.<\/p>\n\n\n\n<p>Eine  gem\u00fctliche Lounge l\u00e4dt zum Verweilen und Genie\u00dfen ein. Es gibt ein  vielf\u00e4ltiges Getr\u00e4nkeangebot von Kaffee, Tee, Schoki, Chai und noch mehr  \u00dcberraschungen, welche auch alle im Laden gekauft werden k\u00f6nnen.<\/p>\n\n\n\n<p>Die Naschbar gibt es jetzt in 3D. Danke an Photostudio &#8222;artofpoggel&#8220;<\/p>\n\n\n\n<p><a href=\"https:\/\/my.matterport.com\/show\/?m=Lh21bD8aFva&amp;play=1&amp;qs=1&amp;ts=1&amp;dh=1&amp;lang=de&amp;nozoom=1\" data-type=\"URL\" data-id=\"https:\/\/my.matterport.com\/show\/?m=Lh21bD8aFva&amp;play=1&amp;qs=1&amp;ts=1&amp;dh=1&amp;lang=de&amp;nozoom=1\">Naschbar in 3<\/a>D<br><\/p>\n\n\n\n<p>&#8222;Liebe wird nicht weniger wenn man sie teilt. Gerne laden wir Sie ein. Tauchen Sie in unsere Welt der s\u00fc\u00dfen Gen\u00fcsse.&#8220;<\/p>\n\n\n\n<p>Eure Bea &amp; Team<\/p>\n","protected":false},"excerpt":{"rendered":"<p>Entspannen, genie\u00dfen, verw\u00f6hnen, schenken, in der Naschbar finden Sie alles was das Herz begehrt. Ein Laden, mit Liebe eingerichtet, der W\u00e4rme vermittelt und in dem man sich wohlf\u00fchlt. Der einen bezaubert mit seinem ganz eigenen Charme. In dem liebevoll dekoriertem Raum ist gen\u00fcgend Platz um die von uns angebotenen Waren &hellip; <\/p>\n","protected":false},"author":1,"featured_media":250,"parent":0,"menu_order":0,"comment_status":"closed","ping_status":"closed","template":"","meta":{"footnotes":""},"class_list":["post-10","page","type-page","status-publish","has-post-thumbnail","hentry"],"_links":{"self":[{"href":"http:\/\/naschbarshop.de\/index.php?rest_route=\/wp\/v2\/pages\/10","targetHints":{"allow":["GET"]}}],"collection":[{"href":"http:\/\/naschbarshop.de\/index.php?rest_route=\/wp\/v2\/pages"}],"about":[{"href":"http:\/\/naschbarshop.de\/index.php?rest_route=\/wp\/v2\/types\/page"}],"author":[{"embeddable":true,"href":"http:\/\/naschbarshop.de\/index.php?rest_route=\/wp\/v2\/users\/1"}],"replies":[{"embeddable":true,"href":"http:\/\/naschbarshop.de\/index.php?rest_route=%2Fwp%2Fv2%2Fcomments&post=10"}],"version-history":[{"count":6,"href":"http:\/\/naschbarshop.de\/index.php?rest_route=\/wp\/v2\/pages\/10\/revisions"}],"predecessor-version":[{"id":1203,"href":"http:\/\/naschbarshop.de\/index.php?rest_route=\/wp\/v2\/pages\/10\/revisions\/1203"}],"wp:featuredmedia":[{"embeddable":true,"href":"http:\/\/naschbarshop.de\/index.php?rest_route=\/wp\/v2\/media\/250"}],"wp:attachment":[{"href":"http:\/\/naschbarshop.de\/index.php?rest_route=%2Fwp%2Fv2%2Fmedia&parent=10"}],"curies":[{"name":"wp","href":"https:\/\/api.w.org\/{rel}","templated":true}]}}