{"id":60,"date":"2020-03-18T07:36:25","date_gmt":"2020-03-18T07:36:25","guid":{"rendered":"http:\/\/naschbarshop.de\/?page_id=60"},"modified":"2020-03-20T15:42:39","modified_gmt":"2020-03-20T15:42:39","slug":"home","status":"publish","type":"page","link":"http:\/\/naschbarshop.de\/","title":{"rendered":"Home"},"content":{"rendered":"\n<p> Entspannen, genie\u00dfen, verw\u00f6hnen,  schenken, in der Naschbar finden Sie alles was das Herz begehrt. Ein  Laden, mit Liebe eingerichtet, der W\u00e4rme vermittelt und in dem man sich  wohlf\u00fchlt. Der einen bezaubert mit seinem ganz eigenen Charme. <\/p>\n","protected":false},"excerpt":{"rendered":"<p>Entspannen, genie\u00dfen, verw\u00f6hnen, schenken, in der Naschbar finden Sie alles was das Herz begehrt. Ein Laden, mit Liebe eingerichtet, der W\u00e4rme vermittelt und in dem man sich wohlf\u00fchlt. Der einen bezaubert mit seinem ganz eigenen Charme.<\/p>\n","protected":false},"author":1,"featured_media":250,"parent":0,"menu_order":0,"comment_status":"closed","ping_status":"closed","template":"","meta":{"footnotes":""},"class_list":["post-60","page","type-page","status-publish","has-post-thumbnail","hentry"],"_links":{"self":[{"href":"http:\/\/naschbarshop.de\/index.php?rest_route=\/wp\/v2\/pages\/60","targetHints":{"allow":["GET"]}}],"collection":[{"href":"http:\/\/naschbarshop.de\/index.php?rest_route=\/wp\/v2\/pages"}],"about":[{"href":"http:\/\/naschbarshop.de\/index.php?rest_route=\/wp\/v2\/types\/page"}],"author":[{"embeddable":true,"href":"http:\/\/naschbarshop.de\/index.php?rest_route=\/wp\/v2\/users\/1"}],"replies":[{"embeddable":true,"href":"http:\/\/naschbarshop.de\/index.php?rest_route=%2Fwp%2Fv2%2Fcomments&post=60"}],"version-history":[{"count":1,"href":"http:\/\/naschbarshop.de\/index.php?rest_route=\/wp\/v2\/pages\/60\/revisions"}],"predecessor-version":[{"id":61,"href":"http:\/\/naschbarshop.de\/index.php?rest_route=\/wp\/v2\/pages\/60\/revisions\/61"}],"wp:featuredmedia":[{"embeddable":true,"href":"http:\/\/naschbarshop.de\/index.php?rest_route=\/wp\/v2\/media\/250"}],"wp:attachment":[{"href":"http:\/\/naschbarshop.de\/index.php?rest_route=%2Fwp%2Fv2%2Fmedia&parent=60"}],"curies":[{"name":"wp","href":"https:\/\/api.w.org\/{rel}","templated":true}]}}